{"id":6250,"date":"2024-03-31T12:32:58","date_gmt":"2024-03-31T10:32:58","guid":{"rendered":"https:\/\/healingspasinantiquity.es\/\/?page_id=6250"},"modified":"2025-11-03T14:20:57","modified_gmt":"2025-11-03T13:20:57","slug":"equipo-thermascape","status":"publish","type":"page","link":"https:\/\/healingspasinantiquity.es\/es\/equipo-thermascape\/","title":{"rendered":"Thermascape Team"},"content":{"rendered":"<div data-elementor-type=\"wp-page\" data-elementor-id=\"6250\" class=\"elementor elementor-6250\">\n\t\t\t\t\t\t<section class=\"elementor-section elementor-top-section elementor-element elementor-element-fb77087 elementor-section-boxed elementor-section-height-default elementor-section-height-default\" data-id=\"fb77087\" data-element_type=\"section\">\n\t\t\t\t\t\t<div class=\"elementor-container elementor-column-gap-default\">\n\t\t\t\t\t<div class=\"elementor-column elementor-col-33 elementor-top-column elementor-element elementor-element-e7b77d1\" data-id=\"e7b77d1\" data-element_type=\"column\">\n\t\t\t<div class=\"elementor-widget-wrap elementor-element-populated\">\n\t\t\t\t\t\t<div class=\"elementor-element elementor-element-2eea110 elementor-widget__width-initial elementor-widget elementor-widget-text-editor\" data-id=\"2eea110\" data-element_type=\"widget\" data-widget_type=\"text-editor.default\">\n\t\t\t\t<div class=\"elementor-widget-container\">\n\t\t\t\t\t\t\t<p>Behind THERMASCAPE is a multidisciplinary group of specialists in fields ranging from:<\/p><p>medical hydrology, archaeology, ancient history, engineering, hydrogeology and historical geography, 3D and digital virtualisation.<\/p>\t\t\t\t\t\t<\/div>\n\t\t\t\t<\/div>\n\t\t\t\t\t<\/div>\n\t\t<\/div>\n\t\t\t\t<div class=\"elementor-column elementor-col-66 elementor-top-column elementor-element elementor-element-2b1d2d2\" data-id=\"2b1d2d2\" data-element_type=\"column\">\n\t\t\t<div class=\"elementor-widget-wrap elementor-element-populated\">\n\t\t\t\t\t\t<div class=\"elementor-element elementor-element-23153f3 elementor-widget elementor-widget-text-editor\" data-id=\"23153f3\" data-element_type=\"widget\" data-widget_type=\"text-editor.default\">\n\t\t\t\t<div class=\"elementor-widget-container\">\n\t\t\t\t\t\t\t<p><strong>Project PID2022-138809NB-I00.<\/strong><\/p><p><strong>THERMASCAPE:<\/strong> The thermal landscape in Hispania. The role of thermal resources in the Iberian Peninsula since Roman times (2023-2027).<\/p>\t\t\t\t\t\t<\/div>\n\t\t\t\t<\/div>\n\t\t\t\t\t<\/div>\n\t\t<\/div>\n\t\t\t\t\t<\/div>\n\t\t<\/section>\n\t\t\t\t<section class=\"elementor-section elementor-top-section elementor-element elementor-element-512a2f8 elementor-section-boxed elementor-section-height-default elementor-section-height-default\" data-id=\"512a2f8\" data-element_type=\"section\">\n\t\t\t\t\t\t<div class=\"elementor-container elementor-column-gap-default\">\n\t\t\t\t\t<div class=\"elementor-column elementor-col-100 elementor-top-column elementor-element elementor-element-c461960\" data-id=\"c461960\" data-element_type=\"column\">\n\t\t\t<div class=\"elementor-widget-wrap elementor-element-populated\">\n\t\t\t\t\t\t<div class=\"elementor-element elementor-element-cc8a794 elementor--h-position-center elementor--v-position-middle elementor-arrows-position-inside elementor-pagination-position-inside elementor-widget elementor-widget-slides\" data-id=\"cc8a794\" data-element_type=\"widget\" data-settings=\"{&quot;navigation&quot;:&quot;both&quot;,&quot;autoplay&quot;:&quot;yes&quot;,&quot;pause_on_hover&quot;:&quot;yes&quot;,&quot;pause_on_interaction&quot;:&quot;yes&quot;,&quot;autoplay_speed&quot;:5000,&quot;infinite&quot;:&quot;yes&quot;,&quot;transition&quot;:&quot;slide&quot;,&quot;transition_speed&quot;:500}\" data-widget_type=\"slides.default\">\n\t\t\t\t<div class=\"elementor-widget-container\">\n\t\t\t\t\t<div class=\"elementor-swiper\">\n\t\t\t<div class=\"elementor-slides-wrapper elementor-main-swiper swiper-container\" dir=\"ltr\" data-animation=\"fadeInUp\">\n\t\t\t\t<div class=\"swiper-wrapper elementor-slides\">\n\t\t\t\t\t\t\t\t\t\t<div class=\"elementor-repeater-item-91dc257 swiper-slide\"><div class=\"swiper-slide-bg\"><\/div><div class=\"elementor-background-overlay\"><\/div><div class=\"swiper-slide-inner\" ><div class=\"swiper-slide-contents\"><div class=\"elementor-slide-heading\">Silvia Gonz\u00e1lez Soutelo<\/div><div class=\"elementor-slide-description\">IP del proyecto, S. Gonz\u00e1lez Soutelo, es actualmente Profesora Permanente Laboral de Arqueolog\u00eda en la UAM. Posee una dilatada trayectoria en el estudio del termalismo antiguo que ha centrado su investigaci\u00f3n desde su Tesis Doctoral hasta la actualidad. Las m\u00faltiples publicaciones, contratos y proyectos, as\u00ed como las participaciones en congresos versados sobre esta tem\u00e1tica, en muchos de ellos como invitada (v\u00e9ase el CVA), evidencian el reconocimiento de su investigaci\u00f3n no solo a escala nacional sino tambi\u00e9n internacional<\/div><div  class=\"elementor-button elementor-slide-button elementor-size-sm\">Click Here<\/div><\/div><\/div><\/div><div class=\"elementor-repeater-item-f864205 swiper-slide\"><div class=\"swiper-slide-bg\"><\/div><div class=\"elementor-background-overlay\"><\/div><div class=\"swiper-slide-inner\" ><div class=\"swiper-slide-contents\"><div class=\"elementor-slide-heading\">Rosa Meijide<\/div><div class=\"elementor-slide-description\">Dra. en Medicina y Cirug\u00eda, especialista en hidrolog\u00eda m\u00e9dica y catedr\u00e1tica E.U. de radiolog\u00eda y\nmedicina f\u00edsica de la UDC. Su tesis doctoral vers\u00f3 sobre el Balneario romano de Lugo y su \nevoluci\u00f3n hist\u00f3rica, y ha sido IP de diversos proyectos sobre la caracterizaci\u00f3n de las aguas\n\nmineromedicinales y su aprovechamiento m\u00e9dico, realizando varias publicaciones sobre esta \ntem\u00e1tica y participando en m\u00faltiples cursos y seminarios de connotaci\u00f3n hist\u00f3rica (historia del \ntermalismo). En 2020 fue nombrada acad\u00e9mica de la Real Academia de Medicina de Galicia (sill\u00f3n de hidrolog\u00eda m\u00e9dica) y es colaboradora habitual de los miembros del equipo de investigaci\u00f3n.<\/div><a href=\"https:\/\/orcid.org\/0000-0001-8516-9419\" target=\"_blank\" class=\"elementor-button elementor-slide-button elementor-size-sm\">Publicaciones<\/a><\/div><\/div><\/div><div class=\"elementor-repeater-item-c1153be swiper-slide\"><div class=\"swiper-slide-bg\"><\/div><div class=\"elementor-background-overlay\"><\/div><a class=\"swiper-slide-inner\" href=\"http:\/\/0000-0003-4258-8175\"><div class=\"swiper-slide-contents\"><div class=\"elementor-slide-heading\">Gonzalo Matilla S\u00e9iquer<\/div><div class=\"elementor-slide-description\">Profesor Titular de Historia Antigua de la Universidad de Murcia con dos l\u00edneas diferenciadas de investigaci\u00f3n: Pr\u00f3ximo Oriente y Termalismo Antiguo (fuentes, arquitectura, epigraf\u00eda, numism\u00e1tica,\ncronolog\u00eda, enfermedades, hidr\u00e1ulica, \u2026). Ha dirigido proyectos de investigaci\u00f3n relacionados con el termalismo como El tejido balneario durante la \u00e9poca romana y tardoantigua (2011-2016) o Termalismo Antiguo en Hispania Citerior (2018-2020). Excavaci\u00f3n y estudio del balneario romano de Fortuna (Murcia). Dirije en la actualidad las excavaciones en los balnearios romanos de Fortuna y Archena.<\/div><div  class=\"elementor-button elementor-slide-button elementor-size-sm\">Publicaciones<\/div><\/div><\/a><\/div><div class=\"elementor-repeater-item-30cee61 swiper-slide\"><div class=\"swiper-slide-bg\"><\/div><div class=\"elementor-background-overlay\"><\/div><a class=\"swiper-slide-inner\" href=\"https:\/\/orcid.org\/0000-0001-8684-3962\"><div class=\"swiper-slide-contents\"><div class=\"elementor-slide-heading\">Francisco Javier P\u00e9rez de la Cruz<\/div><div class=\"elementor-slide-description\">Doctor Ingeniero de Caminos, Canales y Puertos y profesor de la Universidad Polit\u00e9cnica de\n\nCartagena. Sus l\u00edneas de investigaci\u00f3n se centran en el estudio de sistemas hidr\u00e1ulicos\n\nantiguos y redes de abastecimiento. Ha realizado una estancia de investigaci\u00f3n en la\n\nUniversidad de Northumbria (Newcastle, UK) sobre la red de distribuci\u00f3n de agua en\n\nPompeya. Ha participado en diferentes congresos nacionales e internacionales sobre las l\u00edneas\n\nmencionadas, as\u00ed como en proyectos relacionados con el ciclo urbano del agua.<\/div><div  class=\"elementor-button elementor-slide-button elementor-size-sm\">Publicaciones<\/div><\/div><\/a><\/div><div class=\"elementor-repeater-item-6994204 swiper-slide\"><div class=\"swiper-slide-bg\"><\/div><div class=\"elementor-background-overlay\"><\/div><div class=\"swiper-slide-inner\" ><div class=\"swiper-slide-contents\"><div class=\"elementor-slide-heading\">Laura Garc\u00eda Juan<\/div><div class=\"elementor-slide-description\">Es profesora permanente Laboral en el departamento de geograf\u00eda en la UAM. Licenciada en Historia (arqueolog\u00eda), es Doctora en Geograf\u00eda con un m\u00e1ster en GIS y en bases de datos geoespaciales. Antes de incorporarse a la universidad desarroll\u00f3 su carrera tambi\u00e9n en el sector privado, donde adquiri\u00f3 amplia experiencia en la gesti\u00f3n y desarrollo de proyectos TIG, participando en proyectos de referencia como el SIOSE.\nEs igualmente especialista en gesti\u00f3n de proyectos, dise\u00f1o e implementaci\u00f3n de bases de datos geoespaciales, sistemas de informaci\u00f3n geogr\u00e1fica y programaci\u00f3n web. Su l\u00ednea prioritaria de investigaci\u00f3n se centra en llevar a las fuentes geohist\u00f3ricas los desarrollos tecnol\u00f3gicos que se est\u00e1n produciendo en la \u00faltima d\u00e9cada. Concretamente ha trabajado en la reconstrucci\u00f3n y simulaci\u00f3n de paisajes antiguos a partir de fuentes catastrales y a trav\u00e9s del empleo de distintas geotecnolog\u00edas e incluso inteligencia artificial, desarrollos que se han producido en el seno de equipos interdisciplinares tanto nacionales como internacionales.<\/div><div  class=\"elementor-button elementor-slide-button elementor-size-sm\">Publicaciones<\/div><\/div><\/div><\/div><div class=\"elementor-repeater-item-f91ea61 swiper-slide\"><div class=\"swiper-slide-bg\"><\/div><div class=\"elementor-background-overlay\"><\/div><a class=\"swiper-slide-inner\" href=\"https:\/\/orcid.org\/0000-0001-7269-3270\"><div class=\"swiper-slide-contents\"><div class=\"elementor-slide-heading\">Miguel Borja Bernab\u00e9 Crespo<\/div><div class=\"elementor-slide-description\">Doctor en Geograf\u00eda, con menci\u00f3n internacional, por la Universidad de Murcia. Actualmente es Profesor Ayudante Doctor en el Departamento de Geograf\u00eda de la UAM. Entre sus l\u00edneas de\ninvestigaci\u00f3n destacan: gesti\u00f3n de recursos h\u00eddricos: abastecimiento y saneamiento, y los usos del agua en el territorio; conflictos territoriales y geopol\u00edtica; y geograf\u00eda hist\u00f3rica. Ha sido\ninvestigador visitante en la University of California Santa Barbara (UCSB), Estados Unidos; en Macquarie University, S\u00eddney (Australia), y en University of Graz \u2013 Centre for Southeast European Studies (Austria).<\/div><div  class=\"elementor-button elementor-slide-button elementor-size-sm\">Publicaciones<\/div><\/div><\/a><\/div><div class=\"elementor-repeater-item-f0ac5e7 swiper-slide\"><div class=\"swiper-slide-bg\"><\/div><div class=\"elementor-background-overlay\"><\/div><div class=\"swiper-slide-inner\" ><div class=\"swiper-slide-contents\"><div class=\"elementor-slide-heading\">Luis de Ram\u00f3n<\/div><div class=\"elementor-slide-description\">hidroge\u00f3logo. Jefe de secci\u00f3n de hidrolog\u00eda de la empresa nacional GEOCISA, especialista en captaciones y aprovechamientos de aguas termales. Con enorme experiencia en el sector y especialmente en las captaciones y din\u00e1micas de los balnearios en la Pen\u00ednsula, es colaborador frecuente del equipo del Proyecto y se centrar\u00e1 en el estudio del territorio desde el punto de vista de la hidrogeolog\u00eda y el funcionamiento de los acu\u00edferos, as\u00ed como en matizar las cuestiones de implicaci\u00f3n humana en el control de ese recurso.<\/div><div  class=\"elementor-button elementor-slide-button elementor-size-sm\">Click Here<\/div><\/div><\/div><\/div><div class=\"elementor-repeater-item-2536274 swiper-slide\"><div class=\"swiper-slide-bg\"><\/div><div class=\"elementor-background-overlay\"><\/div><div class=\"swiper-slide-inner\" ><div class=\"swiper-slide-contents\"><div class=\"elementor-slide-heading\">Juan Diego Carmona<\/div><div class=\"elementor-slide-description\">Diplomado en arquitectura t\u00e9cnica y graduado en ingenier\u00eda de la edificaci\u00f3n, con m\u00e1ster universitario de investigaci\u00f3n en arte y humanidades de la Universidad de Extremadura. Es autor del estudio t\u00e9cnico del balneario romano de Alange (Badajoz), ejerce docencia en el m\u00e1ster de Restauraci\u00f3n virtual y en virtualizaci\u00f3n del patrimonio (Universidad de Alicante), adem\u00e1s de alumno de Arqueolog\u00eda espacial en la Universidad de Extremadura y miembro fundador y secretario de la Asociaci\u00f3n Nacional de Dibujantes de Arqueolog\u00eda (ADARQ). Actualmente (desde 2021) tiene matriculada su Tesis Doctoral en la UAM (dirigida por la IP) sobre los modelos constructivos de los balnearios romanos seg\u00fan propuestas en 3D, cuyos resultados tambi\u00e9n se volcar\u00e1n en la base de datos geohist\u00f3rica de este proyecto.<\/div><div  class=\"elementor-button elementor-slide-button elementor-size-sm\">Click Here<\/div><\/div><\/div><\/div>\t\t\t\t<\/div>\n\t\t\t\t\t\t\t\t\t\t\t\t\t\t\t<div class=\"swiper-pagination\"><\/div>\n\t\t\t\t\t\t\t\t\t\t\t\t\t\t\t\t<div class=\"elementor-swiper-button elementor-swiper-button-prev\">\n\t\t\t\t\t\t\t<i aria-hidden=\"true\" class=\"eicon-chevron-left\"><\/i>\t\t\t\t\t\t\t<span class=\"elementor-screen-only\">Anterior<\/span>\n\t\t\t\t\t\t<\/div>\n\t\t\t\t\t\t<div class=\"elementor-swiper-button elementor-swiper-button-next\">\n\t\t\t\t\t\t\t<i aria-hidden=\"true\" class=\"eicon-chevron-right\"><\/i>\t\t\t\t\t\t\t<span class=\"elementor-screen-only\">Siguiente<\/span>\n\t\t\t\t\t\t<\/div>\n\t\t\t\t\t\t\t\t\t\t\t\t<\/div>\n\t\t<\/div>\n\t\t\t\t<\/div>\n\t\t\t\t<\/div>\n\t\t\t\t\t<\/div>\n\t\t<\/div>\n\t\t\t\t\t<\/div>\n\t\t<\/section>\n\t\t\t\t<section class=\"elementor-section elementor-top-section elementor-element elementor-element-c1b5ff6 elementor-section-boxed elementor-section-height-default elementor-section-height-default\" data-id=\"c1b5ff6\" data-element_type=\"section\">\n\t\t\t\t\t\t<div class=\"elementor-container elementor-column-gap-default\">\n\t\t\t\t\t<div class=\"elementor-column elementor-col-66 elementor-top-column elementor-element elementor-element-1b46c86\" data-id=\"1b46c86\" data-element_type=\"column\">\n\t\t\t<div class=\"elementor-widget-wrap elementor-element-populated\">\n\t\t\t\t\t\t<div class=\"elementor-element elementor-element-ad6c0b5 elementor-widget elementor-widget-heading\" data-id=\"ad6c0b5\" data-element_type=\"widget\" data-widget_type=\"heading.default\">\n\t\t\t\t<div class=\"elementor-widget-container\">\n\t\t\t<h2 class=\"elementor-heading-title elementor-size-default\">Mean research team<\/h2>\t\t<\/div>\n\t\t\t\t<\/div>\n\t\t\t\t\t<\/div>\n\t\t<\/div>\n\t\t\t\t<div class=\"elementor-column elementor-col-33 elementor-top-column elementor-element elementor-element-5989a80\" data-id=\"5989a80\" data-element_type=\"column\">\n\t\t\t<div class=\"elementor-widget-wrap\">\n\t\t\t\t\t\t\t<\/div>\n\t\t<\/div>\n\t\t\t\t\t<\/div>\n\t\t<\/section>\n\t\t\t\t<section class=\"elementor-section elementor-top-section elementor-element elementor-element-c5e01ed elementor-section-boxed elementor-section-height-default elementor-section-height-default\" data-id=\"c5e01ed\" data-element_type=\"section\">\n\t\t\t\t\t\t<div class=\"elementor-container elementor-column-gap-default\">\n\t\t\t\t\t<div class=\"elementor-column elementor-col-100 elementor-top-column elementor-element elementor-element-0d3cd0c\" data-id=\"0d3cd0c\" data-element_type=\"column\">\n\t\t\t<div class=\"elementor-widget-wrap elementor-element-populated\">\n\t\t\t\t\t\t\t<\/div>\n\t\t<\/div>\n\t\t\t\t\t<\/div>\n\t\t<\/section>\n\t\t\t\t<\/div>","protected":false},"excerpt":{"rendered":"<p>Behind THERMASCAPE is a multidisciplinary group of specialists in fields ranging from: medical hydrology, archaeology, ancient history, engineering, hydrogeology and historical geography, 3D and digital virtualisation. Project PID2022-138809NB-I00. THERMASCAPE: The [&hellip;]<\/p>","protected":false},"author":78,"featured_media":0,"parent":0,"menu_order":0,"comment_status":"closed","ping_status":"closed","template":"","meta":{"footnotes":""},"class_list":["post-6250","page","type-page","status-publish","hentry"],"_links":{"self":[{"href":"https:\/\/healingspasinantiquity.es\/es\/wp-json\/wp\/v2\/pages\/6250","targetHints":{"allow":["GET"]}}],"collection":[{"href":"https:\/\/healingspasinantiquity.es\/es\/wp-json\/wp\/v2\/pages"}],"about":[{"href":"https:\/\/healingspasinantiquity.es\/es\/wp-json\/wp\/v2\/types\/page"}],"author":[{"embeddable":true,"href":"https:\/\/healingspasinantiquity.es\/es\/wp-json\/wp\/v2\/users\/78"}],"replies":[{"embeddable":true,"href":"https:\/\/healingspasinantiquity.es\/es\/wp-json\/wp\/v2\/comments?post=6250"}],"version-history":[{"count":35,"href":"https:\/\/healingspasinantiquity.es\/es\/wp-json\/wp\/v2\/pages\/6250\/revisions"}],"predecessor-version":[{"id":6682,"href":"https:\/\/healingspasinantiquity.es\/es\/wp-json\/wp\/v2\/pages\/6250\/revisions\/6682"}],"wp:attachment":[{"href":"https:\/\/healingspasinantiquity.es\/es\/wp-json\/wp\/v2\/media?parent=6250"}],"curies":[{"name":"wp","href":"https:\/\/api.w.org\/{rel}","templated":true}]}}