{"id":6168,"date":"2024-03-04T08:44:56","date_gmt":"2024-03-04T07:44:56","guid":{"rendered":"https:\/\/healingspasinantiquity.es\/\/?page_id=6168"},"modified":"2026-02-27T19:13:38","modified_gmt":"2026-02-27T18:13:38","slug":"thermascape","status":"publish","type":"page","link":"https:\/\/healingspasinantiquity.es\/es\/thermascape\/","title":{"rendered":"Thermascape"},"content":{"rendered":"<p><img fetchpriority=\"high\" decoding=\"async\" src=\"https:\/\/healingspasinantiquity.es\/\/wp-content\/uploads\/2024\/03\/FINAL2_Logo_Thermascape_verde-768x325.jpg\" sizes=\"(max-width: 768px) 100vw, 768px\" srcset=\"https:\/\/healingspasinantiquity.es\/\/wp-content\/uploads\/2024\/03\/FINAL2_Logo_Thermascape_verde-768x325.jpg 768w, https:\/\/healingspasinantiquity.es\/\/wp-content\/uploads\/2024\/03\/FINAL2_Logo_Thermascape_verde-300x127.jpg 300w, https:\/\/healingspasinantiquity.es\/\/wp-content\/uploads\/2024\/03\/FINAL2_Logo_Thermascape_verde-1024x433.jpg 1024w, https:\/\/healingspasinantiquity.es\/\/wp-content\/uploads\/2024\/03\/FINAL2_Logo_Thermascape_verde-1536x650.jpg 1536w, https:\/\/healingspasinantiquity.es\/\/wp-content\/uploads\/2024\/03\/FINAL2_Logo_Thermascape_verde-2048x866.jpg 2048w, https:\/\/healingspasinantiquity.es\/\/wp-content\/uploads\/2024\/03\/FINAL2_Logo_Thermascape_verde-18x8.jpg 18w, https:\/\/healingspasinantiquity.es\/\/wp-content\/uploads\/2024\/03\/FINAL2_Logo_Thermascape_verde-1320x558.jpg 1320w\" alt=\"\" width=\"768\" height=\"325\" \/><\/p>\n<p><em><strong>THERMASCAPE. One goal: To understand the role of mineral-medicinal waters in the territory since ancient times<\/strong><\/em><\/p>\n<p><em>(THERMASCAPE. Un objetivo: comprender el papel de las aguas mineromedicinales en el territorio desde la antig\u00fcedad)<\/em><\/p>\n<p>With this project, we aim to open a disruptive line and improve on traditional approaches to the study of Roman spas in the Roman Empire, particularly in the Iberian Peninsula.<\/p>\n<p>This proposal is characterized by a new way of conceiving the role of mineral-medicinal waters in relation to the territory in which they are found and from a diachronic perspective that will allow us to understand their impact from Roman times onwards.<\/p>\n<p>To this end, following the footsteps of research on ancient thermalism generated in recent decades, we believe it is necessary to reformulate research on ancient thermalism, based on existing interdisciplinary data, using new interoperable and exportable study models and results that can be updated, accurate and quantifiable results, applying new research perspectives and working models that allow us to understand in detail the origin of thermal practice and the role that these springs played in shaping the territory since Roman times.<\/p>\n<p>To this end, the THERMASCAPE project, made up of researchers and specialists in thermalism from a wide range of fields (mainly archaeology, medical hydrology, architecture, hydrogeology, engineering, ancient history and geography), is working on a geospatial database that will be freely accessible.<\/p>\n<p>If you are interested in this project, we will keep you informed of our progress on this website and through our social channels.<\/p>\n<p>Shall we go to the Waters&#8230;?<\/p>\n<p>&nbsp;<\/p>\n<p>Keywords: Roman archaeology, ancient architecture, AI, Databases, 3D proposals, Geodata, Roman Empire, International subject.<\/p>\n<p><a href=\"https:\/\/healingspasinantiquity.es\/wp-content\/uploads\/2025\/09\/DSC05744r2.jpg\"><img decoding=\"async\" class=\"wp-image-6642 alignright\" src=\"https:\/\/healingspasinantiquity.es\/wp-content\/uploads\/2025\/09\/DSC05744r2-300x200.jpg\" alt=\"\" width=\"227\" height=\"151\" srcset=\"https:\/\/healingspasinantiquity.es\/wp-content\/uploads\/2025\/09\/DSC05744r2-300x200.jpg 300w, https:\/\/healingspasinantiquity.es\/wp-content\/uploads\/2025\/09\/DSC05744r2-1024x683.jpg 1024w, https:\/\/healingspasinantiquity.es\/wp-content\/uploads\/2025\/09\/DSC05744r2-768x512.jpg 768w, https:\/\/healingspasinantiquity.es\/wp-content\/uploads\/2025\/09\/DSC05744r2-18x12.jpg 18w, https:\/\/healingspasinantiquity.es\/wp-content\/uploads\/2025\/09\/DSC05744r2.jpg 1200w\" sizes=\"(max-width: 227px) 100vw, 227px\" \/><\/a> <a href=\"https:\/\/healingspasinantiquity.es\/wp-content\/uploads\/2025\/09\/Alhama-de-Murcia-002-1.jpg\"><img decoding=\"async\" class=\"wp-image-6644 alignright\" src=\"https:\/\/healingspasinantiquity.es\/wp-content\/uploads\/2025\/09\/Alhama-de-Murcia-002-1-200x300.jpg\" alt=\"\" width=\"105\" height=\"158\" srcset=\"https:\/\/healingspasinantiquity.es\/wp-content\/uploads\/2025\/09\/Alhama-de-Murcia-002-1-200x300.jpg 200w, https:\/\/healingspasinantiquity.es\/wp-content\/uploads\/2025\/09\/Alhama-de-Murcia-002-1-8x12.jpg 8w, https:\/\/healingspasinantiquity.es\/wp-content\/uploads\/2025\/09\/Alhama-de-Murcia-002-1.jpg 461w\" sizes=\"(max-width: 105px) 100vw, 105px\" \/><\/a><a href=\"https:\/\/healingspasinantiquity.es\/wp-content\/uploads\/2021\/01\/2021_SaoVicente_IMG_0543-scaled.jpg\"><img loading=\"lazy\" decoding=\"async\" class=\"wp-image-1898 alignright\" src=\"https:\/\/healingspasinantiquity.es\/wp-content\/uploads\/2021\/01\/2021_SaoVicente_IMG_0543-300x200.jpg\" alt=\"View of the site of S\u00e3o Vicente Healing Spa\" width=\"231\" height=\"154\" srcset=\"https:\/\/healingspasinantiquity.es\/wp-content\/uploads\/2021\/01\/2021_SaoVicente_IMG_0543-300x200.jpg 300w, https:\/\/healingspasinantiquity.es\/wp-content\/uploads\/2021\/01\/2021_SaoVicente_IMG_0543-1024x683.jpg 1024w, https:\/\/healingspasinantiquity.es\/wp-content\/uploads\/2021\/01\/2021_SaoVicente_IMG_0543-768x512.jpg 768w, https:\/\/healingspasinantiquity.es\/wp-content\/uploads\/2021\/01\/2021_SaoVicente_IMG_0543-1536x1024.jpg 1536w, https:\/\/healingspasinantiquity.es\/wp-content\/uploads\/2021\/01\/2021_SaoVicente_IMG_0543-2048x1365.jpg 2048w, https:\/\/healingspasinantiquity.es\/wp-content\/uploads\/2021\/01\/2021_SaoVicente_IMG_0543-16x12.jpg 16w, https:\/\/healingspasinantiquity.es\/wp-content\/uploads\/2021\/01\/2021_SaoVicente_IMG_0543-830x553.jpg 830w, https:\/\/healingspasinantiquity.es\/wp-content\/uploads\/2021\/01\/2021_SaoVicente_IMG_0543-230x153.jpg 230w, https:\/\/healingspasinantiquity.es\/wp-content\/uploads\/2021\/01\/2021_SaoVicente_IMG_0543-350x233.jpg 350w, https:\/\/healingspasinantiquity.es\/wp-content\/uploads\/2021\/01\/2021_SaoVicente_IMG_0543-480x320.jpg 480w, https:\/\/healingspasinantiquity.es\/wp-content\/uploads\/2021\/01\/2021_SaoVicente_IMG_0543-1320x880.jpg 1320w\" sizes=\"(max-width: 231px) 100vw, 231px\" \/><\/a><a href=\"https:\/\/healingspasinantiquity.es\/wp-content\/uploads\/2025\/09\/Fig.-4.-Plantas-balnearios_Final2019.jpg\"><img loading=\"lazy\" decoding=\"async\" class=\"wp-image-6649 alignright\" src=\"https:\/\/healingspasinantiquity.es\/wp-content\/uploads\/2025\/09\/Fig.-4.-Plantas-balnearios_Final2019-300x227.jpg\" alt=\"\" width=\"207\" height=\"157\" srcset=\"https:\/\/healingspasinantiquity.es\/wp-content\/uploads\/2025\/09\/Fig.-4.-Plantas-balnearios_Final2019-300x227.jpg 300w, https:\/\/healingspasinantiquity.es\/wp-content\/uploads\/2025\/09\/Fig.-4.-Plantas-balnearios_Final2019-1024x775.jpg 1024w, https:\/\/healingspasinantiquity.es\/wp-content\/uploads\/2025\/09\/Fig.-4.-Plantas-balnearios_Final2019-768x581.jpg 768w, https:\/\/healingspasinantiquity.es\/wp-content\/uploads\/2025\/09\/Fig.-4.-Plantas-balnearios_Final2019-1536x1162.jpg 1536w, https:\/\/healingspasinantiquity.es\/wp-content\/uploads\/2025\/09\/Fig.-4.-Plantas-balnearios_Final2019-2048x1549.jpg 2048w, https:\/\/healingspasinantiquity.es\/wp-content\/uploads\/2025\/09\/Fig.-4.-Plantas-balnearios_Final2019-16x12.jpg 16w, https:\/\/healingspasinantiquity.es\/wp-content\/uploads\/2025\/09\/Fig.-4.-Plantas-balnearios_Final2019-1320x999.jpg 1320w\" sizes=\"(max-width: 207px) 100vw, 207px\" \/><\/a><\/p>\n<p><img loading=\"lazy\" decoding=\"async\" src=\"https:\/\/healingspasinantiquity.es\/\/wp-content\/uploads\/2024\/05\/wordcloud-1.png\" sizes=\"(max-width: 800px) 100vw, 800px\" srcset=\"https:\/\/healingspasinantiquity.es\/\/wp-content\/uploads\/2024\/05\/wordcloud-1.png 1024w, https:\/\/healingspasinantiquity.es\/\/wp-content\/uploads\/2024\/05\/wordcloud-1-300x300.png 300w, https:\/\/healingspasinantiquity.es\/\/wp-content\/uploads\/2024\/05\/wordcloud-1-150x150.png 150w, https:\/\/healingspasinantiquity.es\/\/wp-content\/uploads\/2024\/05\/wordcloud-1-768x768.png 768w, https:\/\/healingspasinantiquity.es\/\/wp-content\/uploads\/2024\/05\/wordcloud-1-12x12.png 12w\" alt=\"\" width=\"800\" height=\"800\" \/><br \/>\n<a href=\"https:\/\/healingspasinantiquity.es\/es\/events\/\"><br \/>\nEventos<br \/>\n<\/a><br \/>\n<a href=\"#\"><br \/>\nEquipo<br \/>\n<\/a><br \/>\n<img loading=\"lazy\" decoding=\"async\" src=\"https:\/\/healingspasinantiquity.es\/\/wp-content\/uploads\/2024\/05\/Logotipo_del_Ministerio_de_Educacion_y_Ciencia2-300x90.png\" sizes=\"(max-width: 300px) 100vw, 300px\" srcset=\"https:\/\/healingspasinantiquity.es\/\/wp-content\/uploads\/2024\/05\/Logotipo_del_Ministerio_de_Educacion_y_Ciencia2-300x90.png 300w, https:\/\/healingspasinantiquity.es\/\/wp-content\/uploads\/2024\/05\/Logotipo_del_Ministerio_de_Educacion_y_Ciencia2-18x5.png 18w, https:\/\/healingspasinantiquity.es\/\/wp-content\/uploads\/2024\/05\/Logotipo_del_Ministerio_de_Educacion_y_Ciencia2.png 411w\" alt=\"\" width=\"300\" height=\"90\" \/><!--more--><\/p>\n<h3>Proyecto PID2022-138809NB-I00. THERMASCAPE: El paisaje termal en Hispania. El papel de los recursos termales en la Pen\u00ednsula Ib\u00e9rica desde \u00e9poca romana (2023-2027).<\/h3>\n<p style=\"text-align: justify;\">Project PID2022-138809NB-I00. THERMASCAPE: The thermal landscape in Hispania. The role of thermal resources in the Iberian Peninsula since Roman times (2023-2027).<\/p>","protected":false},"excerpt":{"rendered":"<p>THERMASCAPE. One goal: To understand the role of mineral-medicinal waters in the territory since ancient times (THERMASCAPE. Un objetivo: comprender el papel de las aguas mineromedicinales en el territorio desde [&hellip;]<\/p>","protected":false},"author":78,"featured_media":6191,"parent":0,"menu_order":0,"comment_status":"closed","ping_status":"closed","template":"","meta":{"footnotes":""},"class_list":["post-6168","page","type-page","status-publish","has-post-thumbnail","hentry"],"_links":{"self":[{"href":"https:\/\/healingspasinantiquity.es\/es\/wp-json\/wp\/v2\/pages\/6168","targetHints":{"allow":["GET"]}}],"collection":[{"href":"https:\/\/healingspasinantiquity.es\/es\/wp-json\/wp\/v2\/pages"}],"about":[{"href":"https:\/\/healingspasinantiquity.es\/es\/wp-json\/wp\/v2\/types\/page"}],"author":[{"embeddable":true,"href":"https:\/\/healingspasinantiquity.es\/es\/wp-json\/wp\/v2\/users\/78"}],"replies":[{"embeddable":true,"href":"https:\/\/healingspasinantiquity.es\/es\/wp-json\/wp\/v2\/comments?post=6168"}],"version-history":[{"count":102,"href":"https:\/\/healingspasinantiquity.es\/es\/wp-json\/wp\/v2\/pages\/6168\/revisions"}],"predecessor-version":[{"id":6651,"href":"https:\/\/healingspasinantiquity.es\/es\/wp-json\/wp\/v2\/pages\/6168\/revisions\/6651"}],"wp:featuredmedia":[{"embeddable":true,"href":"https:\/\/healingspasinantiquity.es\/es\/wp-json\/wp\/v2\/media\/6191"}],"wp:attachment":[{"href":"https:\/\/healingspasinantiquity.es\/es\/wp-json\/wp\/v2\/media?parent=6168"}],"curies":[{"name":"wp","href":"https:\/\/api.w.org\/{rel}","templated":true}]}}