{"id":4014,"date":"2021-06-08T22:12:07","date_gmt":"2021-06-08T20:12:07","guid":{"rendered":"https:\/\/healingspasinantiquity.es\/\/?page_id=4014"},"modified":"2025-02-12T14:19:42","modified_gmt":"2025-02-12T13:19:42","slug":"thermal-network","status":"publish","type":"page","link":"https:\/\/healingspasinantiquity.es\/es\/thermal-network\/","title":{"rendered":"Red Termal"},"content":{"rendered":"<div data-elementor-type=\"wp-page\" data-elementor-id=\"4014\" class=\"elementor elementor-4014\">\n\t\t\t\t\t\t<section class=\"elementor-section elementor-top-section elementor-element elementor-element-716ebef elementor-section-boxed elementor-section-height-default elementor-section-height-default\" data-id=\"716ebef\" data-element_type=\"section\">\n\t\t\t\t\t\t<div class=\"elementor-container elementor-column-gap-default\">\n\t\t\t\t\t<div class=\"elementor-column elementor-col-100 elementor-top-column elementor-element elementor-element-f39e547\" data-id=\"f39e547\" data-element_type=\"column\">\n\t\t\t<div class=\"elementor-widget-wrap elementor-element-populated\">\n\t\t\t\t\t\t<div class=\"elementor-element elementor-element-e0a3320 elementor-drop-cap-yes elementor-drop-cap-view-stacked elementor-widget elementor-widget-text-editor\" data-id=\"e0a3320\" data-element_type=\"widget\" data-settings=\"{&quot;drop_cap&quot;:&quot;yes&quot;}\" data-widget_type=\"text-editor.default\">\n\t\t\t\t<div class=\"elementor-widget-container\">\n\t\t\t\t\t\t\t<p>Dada la dispersa informaci\u00f3n sobre los balnearios del Imperio Romano, planteamos la necesidad de crear un espacio de intercambio de experiencias, noticias, publicaciones y actividades para acercar los estudios que se est\u00e1n realizando sobre termalismo en diversas partes del mundo y hacerla disponible a todos aquellos investigadores que puedan estar interesados en ella.<\/p>\t\t\t\t\t\t<\/div>\n\t\t\t\t<\/div>\n\t\t\t\t\t<\/div>\n\t\t<\/div>\n\t\t\t\t\t<\/div>\n\t\t<\/section>\n\t\t\t\t<section class=\"elementor-section elementor-top-section elementor-element elementor-element-62a76ef elementor-section-boxed elementor-section-height-default elementor-section-height-default\" data-id=\"62a76ef\" data-element_type=\"section\">\n\t\t\t\t\t\t<div class=\"elementor-container elementor-column-gap-extended\">\n\t\t\t\t\t<div class=\"elementor-column elementor-col-50 elementor-top-column elementor-element elementor-element-436ce1f\" data-id=\"436ce1f\" data-element_type=\"column\">\n\t\t\t<div class=\"elementor-widget-wrap elementor-element-populated\">\n\t\t\t\t\t\t<div class=\"elementor-element elementor-element-7c5dc4c elementor-widget elementor-widget-heading\" data-id=\"7c5dc4c\" data-element_type=\"widget\" data-widget_type=\"heading.default\">\n\t\t\t\t<div class=\"elementor-widget-container\">\n\t\t\t<h2 class=\"elementor-heading-title elementor-size-default\">\u00danete a nuestra lista y hazte miembro<\/h2>\t\t<\/div>\n\t\t\t\t<\/div>\n\t\t\t\t<div class=\"elementor-element elementor-element-900226a elementor-widget elementor-widget-text-editor\" data-id=\"900226a\" data-element_type=\"widget\" data-widget_type=\"text-editor.default\">\n\t\t\t\t<div class=\"elementor-widget-container\">\n\t\t\t\t\t\t\t<p>Al formar parte de esta red podr\u00e1s recibir informaci\u00f3n actualizada de todo lo publicado sobre termalismo antiguo en nuestra web v\u00eda email.<\/p><p>To participate and to keep up to date with the news, simply register in our site. Remember to provide a valid email address so you don\u2019t miss out on any updates.<\/p><p>When registered, check your profile page to add all your relevant information about your research on Ancient Healing Spas.<\/p><p>Don&#8217;t forget to activate your account! You\u2019ll be able to edit your profile data and share your news with us.<\/p>\t\t\t\t\t\t<\/div>\n\t\t\t\t<\/div>\n\t\t\t\t<div class=\"elementor-element elementor-element-312969e elementor-widget elementor-widget-heading\" data-id=\"312969e\" data-element_type=\"widget\" data-widget_type=\"heading.default\">\n\t\t\t\t<div class=\"elementor-widget-container\">\n\t\t\t<h3 class=\"elementor-heading-title elementor-size-default\">Are you a new user? Register!<\/h3>\t\t<\/div>\n\t\t\t\t<\/div>\n\t\t\t\t<div class=\"elementor-element elementor-element-de19f5c elementor-align-left elementor-widget elementor-widget-button\" data-id=\"de19f5c\" data-element_type=\"widget\" data-widget_type=\"button.default\">\n\t\t\t\t<div class=\"elementor-widget-container\">\n\t\t\t\t\t\t\t<div class=\"elementor-button-wrapper\">\n\t\t\t\t\t<a class=\"elementor-button elementor-button-link elementor-size-lg elementor-animation-grow\" href=\"\/es\/wp-login.php\/?action=register\">\n\t\t\t\t\t\t<span class=\"elementor-button-content-wrapper\">\n\t\t\t\t\t\t<span class=\"elementor-button-icon\">\n\t\t\t\t<i aria-hidden=\"true\" class=\"fas fa-sign-in-alt\"><\/i>\t\t\t<\/span>\n\t\t\t\t\t\t\t\t\t<span class=\"elementor-button-text\">Register and Subscribe<\/span>\n\t\t\t\t\t<\/span>\n\t\t\t\t\t<\/a>\n\t\t\t\t<\/div>\n\t\t\t\t\t\t<\/div>\n\t\t\t\t<\/div>\n\t\t\t\t\t<\/div>\n\t\t<\/div>\n\t\t\t\t<div class=\"elementor-column elementor-col-50 elementor-top-column elementor-element elementor-element-6a3bbf5\" data-id=\"6a3bbf5\" data-element_type=\"column\">\n\t\t\t<div class=\"elementor-widget-wrap elementor-element-populated\">\n\t\t\t\t\t\t<div class=\"elementor-element elementor-element-e99ec4c elementor-widget elementor-widget-heading\" data-id=\"e99ec4c\" data-element_type=\"widget\" data-widget_type=\"heading.default\">\n\t\t\t\t<div class=\"elementor-widget-container\">\n\t\t\t<h2 class=\"elementor-heading-title elementor-size-default\">Comparte tus noticias<\/h2>\t\t<\/div>\n\t\t\t\t<\/div>\n\t\t\t\t<div class=\"elementor-element elementor-element-f7fbecd elementor-widget elementor-widget-text-editor\" data-id=\"f7fbecd\" data-element_type=\"widget\" data-widget_type=\"text-editor.default\">\n\t\t\t\t<div class=\"elementor-widget-container\">\n\t\t\t\t\t\t\t<div>When logged to our site, you can use your subscription to share any news related to the study of Roman Healing spas or Ancient thermalism: conferences, books, excavations, projects, etc., to be published in our site.\u00a0<\/div><div>\u00a0<\/div><div>By registering with the following form, you&#8217;ll be able to send any news you like to us. We will try to publish everything as quickly as possible.<\/div>\t\t\t\t\t\t<\/div>\n\t\t\t\t<\/div>\n\t\t\t\t<div class=\"elementor-element elementor-element-5a9c3d7 elementor-widget elementor-widget-heading\" data-id=\"5a9c3d7\" data-element_type=\"widget\" data-widget_type=\"heading.default\">\n\t\t\t\t<div class=\"elementor-widget-container\">\n\t\t\t<h3 class=\"elementor-heading-title elementor-size-default\">Already registered? Log in to your account<\/h3>\t\t<\/div>\n\t\t\t\t<\/div>\n\t\t\t\t<div class=\"elementor-element elementor-element-040742e elementor-widget elementor-widget-login\" data-id=\"040742e\" data-element_type=\"widget\" data-widget_type=\"login.default\">\n\t\t\t\t<div class=\"elementor-widget-container\">\n\t\t\t\t\t<form class=\"elementor-login elementor-form\" method=\"post\" action=\"https:\/\/healingspasinantiquity.es\/wp-login.php\">\n\t\t\t<input type=\"hidden\" name=\"redirect_to\" value=\"\/es\/wp-json\/wp\/v2\/pages\/4014\">\n\t\t\t<div class=\"elementor-form-fields-wrapper\">\n\t\t\t\t<div class=\"elementor-field-type-text elementor-field-group elementor-column elementor-col-100 elementor-field-required\">\n\t\t\t\t\t\t\t\t\t\t<input size=\"1\" type=\"text\" name=\"log\" id=\"user\" placeholder=\"\" class=\"elementor-field elementor-field-textual elementor-size-md\">\n\t\t\t\t<\/div>\n\t\t\t\t<div class=\"elementor-field-type-text elementor-field-group elementor-column elementor-col-100 elementor-field-required\">\n\t\t\t\t\t\t\t\t\t\t<input size=\"1\" type=\"password\" name=\"pwd\" id=\"password\" placeholder=\"\" class=\"elementor-field elementor-field-textual elementor-size-md\">\n\t\t\t\t<\/div>\n\n\t\t\t\t\t\t\t\t\t<div class=\"elementor-field-type-checkbox elementor-field-group elementor-column elementor-col-100 elementor-remember-me\">\n\t\t\t\t\t\t<label for=\"elementor-login-remember-me\">\n\t\t\t\t\t\t\t<input type=\"checkbox\" id=\"elementor-login-remember-me\" name=\"rememberme\" value=\"forever\">\n\t\t\t\t\t\t\tRemember Me\t\t\t\t\t\t<\/label>\n\t\t\t\t\t<\/div>\n\t\t\t\t\n\t\t\t\t<div class=\"elementor-field-group elementor-column elementor-field-type-submit elementor-col-100\">\n\t\t\t\t\t<button type=\"submit\" class=\"elementor-size-md elementor-button\" name=\"wp-submit\">\n\t\t\t\t\t\t\t\t\t\t\t\t\t\t\t<span class=\"elementor-button-text\">Log In<\/span>\n\t\t\t\t\t\t\t\t\t\t\t\t<\/button>\n\t\t\t\t<\/div>\n\n\t\t\t\t\t\t\t\t\t<div class=\"elementor-field-group elementor-column elementor-col-100\">\n\t\t\t\t\t\t\t\t\t\t\t\t\t\t\t\t\t\t\t\t<a class=\"elementor-lost-password\" href=\"https:\/\/healingspasinantiquity.es\/wp-login.php?action=lostpassword&redirect_to=%2Fes%2Fwp-json%2Fwp%2Fv2%2Fpages%2F4014\">\n\t\t\t\t\t\t\t\tLost your password?\t\t\t\t\t\t\t<\/a>\n\t\t\t\t\t\t\n\t\t\t\t\t\t\t\t\t\t\t<\/div>\n\t\t\t\t\t\t\t<\/div>\n\t\t<\/form>\n\t\t\t\t<\/div>\n\t\t\t\t<\/div>\n\t\t\t\t<div class=\"elementor-element elementor-element-4b084a0 elementor-align-left elementor-widget elementor-widget-global elementor-global-4189 elementor-widget-button\" data-id=\"4b084a0\" data-element_type=\"widget\" data-widget_type=\"button.default\">\n\t\t\t\t<div class=\"elementor-widget-container\">\n\t\t\t\t\t\t\t<div class=\"elementor-button-wrapper\">\n\t\t\t\t\t<a class=\"elementor-button elementor-button-link elementor-size-md elementor-animation-grow\" href=\"\/wp-admin\/\">\n\t\t\t\t\t\t<span class=\"elementor-button-content-wrapper\">\n\t\t\t\t\t\t<span class=\"elementor-button-icon\">\n\t\t\t\t<i aria-hidden=\"true\" class=\"fas fa-sign-in-alt\"><\/i>\t\t\t<\/span>\n\t\t\t\t\t\t\t\t\t<span class=\"elementor-button-text\">Already logged? Enter<\/span>\n\t\t\t\t\t<\/span>\n\t\t\t\t\t<\/a>\n\t\t\t\t<\/div>\n\t\t\t\t\t\t<\/div>\n\t\t\t\t<\/div>\n\t\t\t\t\t<\/div>\n\t\t<\/div>\n\t\t\t\t\t<\/div>\n\t\t<\/section>\n\t\t\t\t<\/div>","protected":false},"excerpt":{"rendered":"<p>Given the disperse information on healing spas in the Roman Empire, we propose the need to create a space for the exchange of experiences, news, publications and activities to bring [&hellip;]<\/p>","protected":false},"author":25,"featured_media":0,"parent":0,"menu_order":0,"comment_status":"closed","ping_status":"closed","template":"","meta":{"footnotes":""},"class_list":["post-4014","page","type-page","status-publish","hentry"],"_links":{"self":[{"href":"https:\/\/healingspasinantiquity.es\/es\/wp-json\/wp\/v2\/pages\/4014","targetHints":{"allow":["GET"]}}],"collection":[{"href":"https:\/\/healingspasinantiquity.es\/es\/wp-json\/wp\/v2\/pages"}],"about":[{"href":"https:\/\/healingspasinantiquity.es\/es\/wp-json\/wp\/v2\/types\/page"}],"author":[{"embeddable":true,"href":"https:\/\/healingspasinantiquity.es\/es\/wp-json\/wp\/v2\/users\/25"}],"replies":[{"embeddable":true,"href":"https:\/\/healingspasinantiquity.es\/es\/wp-json\/wp\/v2\/comments?post=4014"}],"version-history":[{"count":51,"href":"https:\/\/healingspasinantiquity.es\/es\/wp-json\/wp\/v2\/pages\/4014\/revisions"}],"predecessor-version":[{"id":6525,"href":"https:\/\/healingspasinantiquity.es\/es\/wp-json\/wp\/v2\/pages\/4014\/revisions\/6525"}],"wp:attachment":[{"href":"https:\/\/healingspasinantiquity.es\/es\/wp-json\/wp\/v2\/media?parent=4014"}],"curies":[{"name":"wp","href":"https:\/\/api.w.org\/{rel}","templated":true}]}}