{"id":357,"date":"2020-08-24T06:54:14","date_gmt":"2020-08-24T04:54:14","guid":{"rendered":"https:\/\/healingspasinantiquity.es\/\/about-us\/"},"modified":"2021-07-08T08:36:41","modified_gmt":"2021-07-08T06:36:41","slug":"the-project","status":"publish","type":"page","link":"https:\/\/healingspasinantiquity.es\/es\/the-project\/","title":{"rendered":"Healing spas in Antiquity: analysis of Roman thermalism from an architectonical and functional point of view"},"content":{"rendered":"<div data-elementor-type=\"wp-page\" data-elementor-id=\"357\" class=\"elementor elementor-357\">\n\t\t\t\t\t\t<section class=\"elementor-section elementor-top-section elementor-element elementor-element-6435ca0c elementor-section-boxed elementor-section-height-default elementor-section-height-default\" data-id=\"6435ca0c\" data-element_type=\"section\">\n\t\t\t\t\t\t<div class=\"elementor-container elementor-column-gap-default\">\n\t\t\t\t\t<div class=\"elementor-column elementor-col-100 elementor-top-column elementor-element elementor-element-3347c0d8\" data-id=\"3347c0d8\" data-element_type=\"column\">\n\t\t\t<div class=\"elementor-widget-wrap elementor-element-populated\">\n\t\t\t\t\t\t<div class=\"elementor-element elementor-element-cc640ad elementor-widget elementor-widget-text-editor\" data-id=\"cc640ad\" data-element_type=\"widget\" data-widget_type=\"text-editor.default\">\n\t\t\t\t<div class=\"elementor-widget-container\">\n\t\t\t\t\t\t\t<p>Proyecto UAM\/MIAS<\/p>\t\t\t\t\t\t<\/div>\n\t\t\t\t<\/div>\n\t\t\t\t<div class=\"elementor-element elementor-element-55195ab9 elementor-drop-cap-yes elementor-drop-cap-view-stacked elementor-widget elementor-widget-text-editor\" data-id=\"55195ab9\" data-element_type=\"widget\" data-settings=\"{&quot;drop_cap&quot;:&quot;yes&quot;}\" data-widget_type=\"text-editor.default\">\n\t\t\t\t<div class=\"elementor-widget-container\">\n\t\t\t\t\t\t\t<p>En el estudio de los edificios de ba\u00f1os en la Antig\u00fcedad se detecta un vac\u00edo significativo en el conocimiento pormenorizado de los establecimientos en los que se captaron y aprovecharon manantiales de aguas minero-medicinales.<\/p><p>Estos edificios presentan una serie de caracter\u00edsticas espec\u00edficas que deben ser analizadas desde una perspectiva interdisciplinar y multidisciplinar. A partir de la investigaci\u00f3n que se est\u00e1 llevando a cabo en la Pen\u00ednsula Ib\u00e9rica, planteamos el inter\u00e9s por ampliar el an\u00e1lisis de los aspectos m\u00e1s significativos de estos establecimientos a escala de todo el Imperio Romano desde una perspectiva arquitect\u00f3nica y funcional.<\/p><p>As\u00ed, teniendo en cuenta los ejemplos mejor conservados y documentados en el contexto del antiguo Imperio Romano pretendemos profundizar en los m\u00faltiples elementos que condicionaron el uso de estas aguas en la Antig\u00fcedad.<\/p><p>Esta l\u00ednea de estudio se encuadra en el marco de un contrato Tom\u00e1s y Valiente, financiado por la Universidad Aut\u00f3noma de Madrid (UAM) en el marco del MIAS (Madrid Institute for Advanced Studies) y en colaboraci\u00f3n con la Casa de Vel\u00e1zquez.<\/p>\t\t\t\t\t\t<\/div>\n\t\t\t\t<\/div>\n\t\t\t\t<div class=\"elementor-element elementor-element-b27f69e elementor-widget elementor-widget-heading\" data-id=\"b27f69e\" data-element_type=\"widget\" data-widget_type=\"heading.default\">\n\t\t\t\t<div class=\"elementor-widget-container\">\n\t\t\t<h2 class=\"elementor-heading-title elementor-size-default\">Proyectos asociados<\/h2>\t\t<\/div>\n\t\t\t\t<\/div>\n\t\t\t\t<div class=\"elementor-element elementor-element-b73b805 elementor-grid-2 elementor-posts--thumbnail-left elementor-grid-tablet-2 elementor-grid-mobile-1 elementor-widget elementor-widget-posts\" data-id=\"b73b805\" data-element_type=\"widget\" data-settings=\"{&quot;classic_columns&quot;:&quot;2&quot;,&quot;classic_columns_tablet&quot;:&quot;2&quot;,&quot;classic_columns_mobile&quot;:&quot;1&quot;,&quot;classic_row_gap&quot;:{&quot;unit&quot;:&quot;px&quot;,&quot;size&quot;:35,&quot;sizes&quot;:[]},&quot;classic_row_gap_tablet&quot;:{&quot;unit&quot;:&quot;px&quot;,&quot;size&quot;:&quot;&quot;,&quot;sizes&quot;:[]},&quot;classic_row_gap_mobile&quot;:{&quot;unit&quot;:&quot;px&quot;,&quot;size&quot;:&quot;&quot;,&quot;sizes&quot;:[]}}\" data-widget_type=\"posts.classic\">\n\t\t\t\t<div class=\"elementor-widget-container\">\n\t\t\t\t\t<div class=\"elementor-posts-container elementor-posts elementor-posts--skin-classic elementor-grid\">\n\t\t\t\t<article class=\"elementor-post elementor-grid-item post-6687 post type-post status-publish format-standard has-post-thumbnail hentry category-activities category-associated-projects category-audiovisual-media category-didactics category-excavations category-projects category-publications tag-ancient-thermalism tag-archaeologic-excavation tag-architecture tag-bathing-culture tag-healing-spas tag-hydraulic-management tag-new-discoveries tag-roman-baths tag-thermal-heritage tag-thermalism tag-thermo-mineral-baths\">\n\t\t\t\t<a class=\"elementor-post__thumbnail__link\" href=\"https:\/\/healingspasinantiquity.es\/es\/second-news-item-for-january-2026-a-new-roman-healing-spa-has-been-identified-in-turkey\/\" >\n\t\t\t<div class=\"elementor-post__thumbnail\"><img decoding=\"async\" src=\"https:\/\/healingspasinantiquity.es\/wp-content\/uploads\/2026\/01\/2026_01_19_Roman-Thermal-Complex-Emerges-at-Myra.jpg\" title=\"2026_01_19_Roman-Thermal-Complex-Emerges-at-Myra\" alt=\"Image Credit: IHA. Publicada en https:\/\/www.anatolianarchaeology.net\/a-long-hidden-roman-thermal-complex-emerges-at-myra-after-15-years-of-delay\/\" loading=\"lazy\" \/><\/div>\n\t\t<\/a>\n\t\t\t\t<div class=\"elementor-post__text\">\n\t\t\t\t<h3 class=\"elementor-post__title\">\n\t\t\t<a href=\"https:\/\/healingspasinantiquity.es\/es\/second-news-item-for-january-2026-a-new-roman-healing-spa-has-been-identified-in-turkey\/\" >\n\t\t\t\tSecond news item for January 2026: a new Roman healing spa has been identified in Turkey!\t\t\t<\/a>\n\t\t<\/h3>\n\t\t\t\t<div class=\"elementor-post__meta-data\">\n\t\t\t\t\t<span class=\"elementor-post-date\">\n\t\t\t30 Ene 2026\t\t<\/span>\n\t\t\t\t<\/div>\n\t\t\n\t\t<a class=\"elementor-post__read-more\" href=\"https:\/\/healingspasinantiquity.es\/es\/second-news-item-for-january-2026-a-new-roman-healing-spa-has-been-identified-in-turkey\/\" >\n\t\t\tLeer m\u00e1s \u00bb\t\t<\/a>\n\n\t\t\t\t<\/div>\n\t\t\t\t<\/article>\n\t\t\t\t<article class=\"elementor-post elementor-grid-item post-6683 post type-post status-publish format-standard has-post-thumbnail hentry category-activities category-associated-projects category-audiovisual-media category-didactics category-excavations category-other-news category-projects category-publications tag-ancient-thermalism tag-archaeologic-excavation tag-bathing-culture tag-new-discoveries tag-thermal-heritage\">\n\t\t\t\t<a class=\"elementor-post__thumbnail__link\" href=\"https:\/\/healingspasinantiquity.es\/es\/2026-begins-with-important-discoveries-and-news-thermalism-in-the-neolithic-period\/\" >\n\t\t\t<div class=\"elementor-post__thumbnail\"><img decoding=\"async\" src=\"https:\/\/healingspasinantiquity.es\/wp-content\/uploads\/2026\/01\/2026_01_16_TermeSorano2-1_ministero-della-cultura.jpg\" title=\"2026_01_16_TermeSorano2-1_ministero della cultura\" alt=\"Detail of the archaeological excavations. Credit: Ministero della Cultura\" loading=\"lazy\" \/><\/div>\n\t\t<\/a>\n\t\t\t\t<div class=\"elementor-post__text\">\n\t\t\t\t<h3 class=\"elementor-post__title\">\n\t\t\t<a href=\"https:\/\/healingspasinantiquity.es\/es\/2026-begins-with-important-discoveries-and-news-thermalism-in-the-neolithic-period\/\" >\n\t\t\t\t2026 begins with important discoveries and news: Thermalism in the Neolithic period\t\t\t<\/a>\n\t\t<\/h3>\n\t\t\t\t<div class=\"elementor-post__meta-data\">\n\t\t\t\t\t<span class=\"elementor-post-date\">\n\t\t\t25 Ene 2026\t\t<\/span>\n\t\t\t\t<\/div>\n\t\t\n\t\t<a class=\"elementor-post__read-more\" href=\"https:\/\/healingspasinantiquity.es\/es\/2026-begins-with-important-discoveries-and-news-thermalism-in-the-neolithic-period\/\" >\n\t\t\tLeer m\u00e1s \u00bb\t\t<\/a>\n\n\t\t\t\t<\/div>\n\t\t\t\t<\/article>\n\t\t\t\t<article class=\"elementor-post elementor-grid-item post-6517 post type-post status-publish format-standard has-post-thumbnail hentry category-activities category-associated-projects category-didactics category-excavations category-other-news category-projects category-publications tag-ancient-thermalism tag-archaeologic-excavation tag-architecture tag-bathing-culture tag-european-projects tag-healing-spas tag-infrastructures tag-new-discoveries tag-publications tag-roman-baths tag-roman-roads tag-territory tag-thermal-heritage tag-thermalism tag-thermo-mineral-baths\">\n\t\t\t\t<a class=\"elementor-post__thumbnail__link\" href=\"https:\/\/healingspasinantiquity.es\/es\/the-book-archaeology-of-thermalism-in-the-iberian-peninsula-is-now-available-for-free-access\/\" >\n\t\t\t<div class=\"elementor-post__thumbnail\"><img decoding=\"async\" src=\"https:\/\/healingspasinantiquity.es\/wp-content\/uploads\/2025\/01\/PORTADA-TERMALISMO-ANTIGUO-2017_C_pdf.jpg\" title=\"PORTADA TERMALISMO ANTIGUO 2017_C_pdf\" alt=\"PORTADA TERMALISMO ANTIGUO 2017_C_pdf\" loading=\"lazy\" \/><\/div>\n\t\t<\/a>\n\t\t\t\t<div class=\"elementor-post__text\">\n\t\t\t\t<h3 class=\"elementor-post__title\">\n\t\t\t<a href=\"https:\/\/healingspasinantiquity.es\/es\/the-book-archaeology-of-thermalism-in-the-iberian-peninsula-is-now-available-for-free-access\/\" >\n\t\t\t\tThe book Archaeology of thermalism in the Iberian Peninsula is now available for free access!\t\t\t<\/a>\n\t\t<\/h3>\n\t\t\t\t<div class=\"elementor-post__meta-data\">\n\t\t\t\t\t<span class=\"elementor-post-date\">\n\t\t\t29 Ene 2025\t\t<\/span>\n\t\t\t\t<\/div>\n\t\t\n\t\t<a class=\"elementor-post__read-more\" href=\"https:\/\/healingspasinantiquity.es\/es\/the-book-archaeology-of-thermalism-in-the-iberian-peninsula-is-now-available-for-free-access\/\" >\n\t\t\tLeer m\u00e1s \u00bb\t\t<\/a>\n\n\t\t\t\t<\/div>\n\t\t\t\t<\/article>\n\t\t\t\t<article class=\"elementor-post elementor-grid-item post-6410 post type-post status-publish format-standard has-post-thumbnail hentry category-activities category-associated-projects category-conferences category-didactics category-excavations category-publications tag-ancient-thermalism tag-archaeologic-excavation tag-architecture tag-bathing-culture tag-exvotos tag-healing-spas tag-international-conference tag-roman-baths tag-territory tag-thermal-heritage tag-thermo-mineral-baths tag-toscany\">\n\t\t\t\t<a class=\"elementor-post__thumbnail__link\" href=\"https:\/\/healingspasinantiquity.es\/es\/new-studies-on-healing-waters-archaeology-of-thermalism-publication\/\" >\n\t\t\t<div class=\"elementor-post__thumbnail\"><img decoding=\"async\" src=\"https:\/\/healingspasinantiquity.es\/wp-content\/uploads\/2024\/08\/2024_08_03_Engramma-publicacion.jpg\" title=\"2024_08_03_Engramma publicaci\u00f3n\" alt=\"Homepage of this online publication, Engramma 214. https:\/\/www.engramma.it\/eOS\/index.php\" loading=\"lazy\" \/><\/div>\n\t\t<\/a>\n\t\t\t\t<div class=\"elementor-post__text\">\n\t\t\t\t<h3 class=\"elementor-post__title\">\n\t\t\t<a href=\"https:\/\/healingspasinantiquity.es\/es\/new-studies-on-healing-waters-archaeology-of-thermalism-publication\/\" >\n\t\t\t\tNew studies on healing waters: Archaeology of thermalism publication\t\t\t<\/a>\n\t\t<\/h3>\n\t\t\t\t<div class=\"elementor-post__meta-data\">\n\t\t\t\t\t<span class=\"elementor-post-date\">\n\t\t\t3 Ago 2024\t\t<\/span>\n\t\t\t\t<\/div>\n\t\t\n\t\t<a class=\"elementor-post__read-more\" href=\"https:\/\/healingspasinantiquity.es\/es\/new-studies-on-healing-waters-archaeology-of-thermalism-publication\/\" >\n\t\t\tLeer m\u00e1s \u00bb\t\t<\/a>\n\n\t\t\t\t<\/div>\n\t\t\t\t<\/article>\n\t\t\t\t<article class=\"elementor-post elementor-grid-item post-5980 post type-post status-publish format-standard has-post-thumbnail hentry category-associated-projects category-didactics category-other-news category-publications tag-ancient-thermalism tag-bathing-culture tag-european-projects tag-healing-spas tag-hydraulic-management tag-middle-ages tag-pilgrimage tag-roman-roads tag-thermal-heritage\">\n\t\t\t\t<a class=\"elementor-post__thumbnail__link\" href=\"https:\/\/healingspasinantiquity.es\/es\/a-new-publication-about-ancient-thermalism-and-pilgrimage-is-online\/\" >\n\t\t\t<div class=\"elementor-post__thumbnail\"><img decoding=\"async\" src=\"https:\/\/healingspasinantiquity.es\/wp-content\/uploads\/2023\/08\/2023_08_Engramma.jpg\" title=\"2023_08_Engramma\" alt=\"2023_08_Engramma\" loading=\"lazy\" \/><\/div>\n\t\t<\/a>\n\t\t\t\t<div class=\"elementor-post__text\">\n\t\t\t\t<h3 class=\"elementor-post__title\">\n\t\t\t<a href=\"https:\/\/healingspasinantiquity.es\/es\/a-new-publication-about-ancient-thermalism-and-pilgrimage-is-online\/\" >\n\t\t\t\tA new publication about Ancient thermalism and pilgrimage is online!\t\t\t<\/a>\n\t\t<\/h3>\n\t\t\t\t<div class=\"elementor-post__meta-data\">\n\t\t\t\t\t<span class=\"elementor-post-date\">\n\t\t\t8 Ago 2023\t\t<\/span>\n\t\t\t\t<\/div>\n\t\t\n\t\t<a class=\"elementor-post__read-more\" href=\"https:\/\/healingspasinantiquity.es\/es\/a-new-publication-about-ancient-thermalism-and-pilgrimage-is-online\/\" >\n\t\t\tLeer m\u00e1s \u00bb\t\t<\/a>\n\n\t\t\t\t<\/div>\n\t\t\t\t<\/article>\n\t\t\t\t<article class=\"elementor-post elementor-grid-item post-5811 post type-post status-publish format-standard has-post-thumbnail hentry category-activities category-associated-projects category-didactics category-other-news category-projects\">\n\t\t\t\t<a class=\"elementor-post__thumbnail__link\" href=\"https:\/\/healingspasinantiquity.es\/es\/the-ancient-remains-of-mont-dore-france-project\/\" >\n\t\t\t<div class=\"elementor-post__thumbnail\"><img decoding=\"async\" src=\"https:\/\/healingspasinantiquity.es\/wp-content\/uploads\/2023\/03\/2023_03_14_Mont-Dore.jpg\" title=\"2023_03_14_Mont-Dor\u00e9\" alt=\"2023_03_14_Mont-Dor\u00e9\" loading=\"lazy\" \/><\/div>\n\t\t<\/a>\n\t\t\t\t<div class=\"elementor-post__text\">\n\t\t\t\t<h3 class=\"elementor-post__title\">\n\t\t\t<a href=\"https:\/\/healingspasinantiquity.es\/es\/the-ancient-remains-of-mont-dore-france-project\/\" >\n\t\t\t\t&#8220;The ancient remains of Mont-Dore (France)&#8221; project\t\t\t<\/a>\n\t\t<\/h3>\n\t\t\t\t<div class=\"elementor-post__meta-data\">\n\t\t\t\t\t<span class=\"elementor-post-date\">\n\t\t\t14 Mar 2023\t\t<\/span>\n\t\t\t\t<\/div>\n\t\t\n\t\t<a class=\"elementor-post__read-more\" href=\"https:\/\/healingspasinantiquity.es\/es\/the-ancient-remains-of-mont-dore-france-project\/\" >\n\t\t\tLeer m\u00e1s \u00bb\t\t<\/a>\n\n\t\t\t\t<\/div>\n\t\t\t\t<\/article>\n\t\t\t\t<\/div>\n\t\t\n\t\t\t\t<div class=\"e-load-more-anchor\" data-page=\"1\" data-max-page=\"2\" data-next-page=\"https:\/\/healingspasinantiquity.es\/es\/wp-json\/wp\/v2\/pages\/357\/page\/2\/\"><\/div>\n\t\t\t\t<nav class=\"elementor-pagination\" aria-label=\"Pagination\">\n\t\t\t<span class=\"page-numbers prev\">&laquo; Previous<\/span>\n<span aria-current=\"page\" class=\"page-numbers current\"><span class=\"elementor-screen-only\">Page<\/span>1<\/span>\n<a class=\"page-numbers\" href=\"https:\/\/healingspasinantiquity.es\/es\/wp-json\/wp\/v2\/pages\/357\/page\/2\/\"><span class=\"elementor-screen-only\">Page<\/span>2<\/a>\n<a class=\"page-numbers next\" href=\"https:\/\/healingspasinantiquity.es\/es\/wp-json\/wp\/v2\/pages\/357\/page\/2\/\">Next &raquo;<\/a>\t\t<\/nav>\n\t\t\t\t<\/div>\n\t\t\t\t<\/div>\n\t\t\t\t<div class=\"elementor-element elementor-element-c8e156e elementor-widget elementor-widget-heading\" data-id=\"c8e156e\" data-element_type=\"widget\" data-widget_type=\"heading.default\">\n\t\t\t\t<div class=\"elementor-widget-container\">\n\t\t\t<h2 class=\"elementor-heading-title elementor-size-default\">Investigadores<\/h2>\t\t<\/div>\n\t\t\t\t<\/div>\n\t\t\t\t<section class=\"elementor-section elementor-inner-section elementor-element elementor-element-b389832 elementor-section-boxed elementor-section-height-default elementor-section-height-default\" data-id=\"b389832\" data-element_type=\"section\">\n\t\t\t\t\t\t<div class=\"elementor-container elementor-column-gap-default\">\n\t\t\t\t\t<div class=\"elementor-column elementor-col-50 elementor-inner-column elementor-element elementor-element-f06e08c\" data-id=\"f06e08c\" data-element_type=\"column\">\n\t\t\t<div class=\"elementor-widget-wrap elementor-element-populated\">\n\t\t\t\t\t\t<div class=\"elementor-element elementor-element-ffe3f2b elementor-widget elementor-widget-image\" data-id=\"ffe3f2b\" data-element_type=\"widget\" data-widget_type=\"image.default\">\n\t\t\t\t<div class=\"elementor-widget-container\">\n\t\t\t\t\t\t\t\t\t\t\t\t\t<img fetchpriority=\"high\" decoding=\"async\" width=\"1363\" height=\"1365\" src=\"https:\/\/healingspasinantiquity.es\/wp-content\/uploads\/2021\/01\/2015_Capri_IMG_4443.jpg\" class=\"attachment-full size-full wp-image-1844\" alt=\"\" srcset=\"https:\/\/healingspasinantiquity.es\/wp-content\/uploads\/2021\/01\/2015_Capri_IMG_4443.jpg 1363w, https:\/\/healingspasinantiquity.es\/wp-content\/uploads\/2021\/01\/2015_Capri_IMG_4443-300x300.jpg 300w, https:\/\/healingspasinantiquity.es\/wp-content\/uploads\/2021\/01\/2015_Capri_IMG_4443-1022x1024.jpg 1022w, https:\/\/healingspasinantiquity.es\/wp-content\/uploads\/2021\/01\/2015_Capri_IMG_4443-150x150.jpg 150w, https:\/\/healingspasinantiquity.es\/wp-content\/uploads\/2021\/01\/2015_Capri_IMG_4443-768x769.jpg 768w, https:\/\/healingspasinantiquity.es\/wp-content\/uploads\/2021\/01\/2015_Capri_IMG_4443-12x12.jpg 12w, https:\/\/healingspasinantiquity.es\/wp-content\/uploads\/2021\/01\/2015_Capri_IMG_4443-830x831.jpg 830w, https:\/\/healingspasinantiquity.es\/wp-content\/uploads\/2021\/01\/2015_Capri_IMG_4443-230x230.jpg 230w, https:\/\/healingspasinantiquity.es\/wp-content\/uploads\/2021\/01\/2015_Capri_IMG_4443-350x351.jpg 350w, https:\/\/healingspasinantiquity.es\/wp-content\/uploads\/2021\/01\/2015_Capri_IMG_4443-480x481.jpg 480w, https:\/\/healingspasinantiquity.es\/wp-content\/uploads\/2021\/01\/2015_Capri_IMG_4443-1320x1322.jpg 1320w\" sizes=\"(max-width: 1363px) 100vw, 1363px\" \/>\t\t\t\t\t\t\t\t\t\t\t\t\t<\/div>\n\t\t\t\t<\/div>\n\t\t\t\t\t<\/div>\n\t\t<\/div>\n\t\t\t\t<div class=\"elementor-column elementor-col-50 elementor-inner-column elementor-element elementor-element-cc0dcc3\" data-id=\"cc0dcc3\" data-element_type=\"column\">\n\t\t\t<div class=\"elementor-widget-wrap elementor-element-populated\">\n\t\t\t\t\t\t<div class=\"elementor-element elementor-element-e7d1cfc elementor-widget elementor-widget-heading\" data-id=\"e7d1cfc\" data-element_type=\"widget\" data-widget_type=\"heading.default\">\n\t\t\t\t<div class=\"elementor-widget-container\">\n\t\t\t<h5 class=\"elementor-heading-title elementor-size-default\">Silvia Gonz\u00e1lez Soutelo<\/h5>\t\t<\/div>\n\t\t\t\t<\/div>\n\t\t\t\t<div class=\"elementor-element elementor-element-fd6c853 elementor-widget elementor-widget-heading\" data-id=\"fd6c853\" data-element_type=\"widget\" data-widget_type=\"heading.default\">\n\t\t\t\t<div class=\"elementor-widget-container\">\n\t\t\t<h6 class=\"elementor-heading-title elementor-size-default\">Coordinadora del proyecto<\/h6>\t\t<\/div>\n\t\t\t\t<\/div>\n\t\t\t\t<div class=\"elementor-element elementor-element-df08040 elementor-widget elementor-widget-text-editor\" data-id=\"df08040\" data-element_type=\"widget\" data-widget_type=\"text-editor.default\">\n\t\t\t\t<div class=\"elementor-widget-container\">\n\t\t\t\t\t\t\t<p>Investigadora Contratada postdoctoral \u201cTom\u00e1s y Valiente\u201d en el Departamento de Prehistoria y Arqueolog\u00eda de la Universidad Aut\u00f3noma de Madrid (UAM) y el Madrid Institute for Advanced Studies (MIAS)<\/p>\t\t\t\t\t\t<\/div>\n\t\t\t\t<\/div>\n\t\t\t\t<div class=\"elementor-element elementor-element-64915ce elementor-widget__width-auto elementor-icon-list--layout-traditional elementor-list-item-link-full_width elementor-widget elementor-widget-icon-list\" data-id=\"64915ce\" data-element_type=\"widget\" data-widget_type=\"icon-list.default\">\n\t\t\t\t<div class=\"elementor-widget-container\">\n\t\t\t\t\t<ul class=\"elementor-icon-list-items\">\n\t\t\t\t\t\t\t<li class=\"elementor-icon-list-item\">\n\t\t\t\t\t\t\t\t\t\t\t<a href=\"mailto:silvia.gonzalezs@uam.es\">\n\n\t\t\t\t\t\t\t\t\t\t\t\t<span class=\"elementor-icon-list-icon\">\n\t\t\t\t\t\t\t<i aria-hidden=\"true\" class=\"fas fa-envelope-square\"><\/i>\t\t\t\t\t\t<\/span>\n\t\t\t\t\t\t\t\t\t\t<span class=\"elementor-icon-list-text\">silvia.gonzalezs@uam.es<\/span>\n\t\t\t\t\t\t\t\t\t\t\t<\/a>\n\t\t\t\t\t\t\t\t\t<\/li>\n\t\t\t\t\t\t\t\t<li class=\"elementor-icon-list-item\">\n\t\t\t\t\t\t\t\t\t\t\t<span class=\"elementor-icon-list-icon\">\n\t\t\t\t\t\t\t<i aria-hidden=\"true\" class=\"fas fa-phone-square-alt\"><\/i>\t\t\t\t\t\t<\/span>\n\t\t\t\t\t\t\t\t\t\t<span class=\"elementor-icon-list-text\">+34 91 497 59 06<\/span>\n\t\t\t\t\t\t\t\t\t<\/li>\n\t\t\t\t\t\t<\/ul>\n\t\t\t\t<\/div>\n\t\t\t\t<\/div>\n\t\t\t\t<div class=\"elementor-element elementor-element-f7ebae8 elementor-widget__width-auto elementor-icon-list--layout-traditional elementor-list-item-link-full_width elementor-widget elementor-widget-icon-list\" data-id=\"f7ebae8\" data-element_type=\"widget\" data-widget_type=\"icon-list.default\">\n\t\t\t\t<div class=\"elementor-widget-container\">\n\t\t\t\t\t<ul class=\"elementor-icon-list-items\">\n\t\t\t\t\t\t\t<li class=\"elementor-icon-list-item\">\n\t\t\t\t\t\t\t\t\t\t\t<a href=\"http:\/\/www.academia.edu\/silviagonz\u00e1lezsoutelo\">\n\n\t\t\t\t\t\t\t\t\t\t\t\t<span class=\"elementor-icon-list-icon\">\n\t\t\t\t\t\t\t<i aria-hidden=\"true\" class=\"fas fa-book-reader\"><\/i>\t\t\t\t\t\t<\/span>\n\t\t\t\t\t\t\t\t\t\t<span class=\"elementor-icon-list-text\">Academia.edu<\/span>\n\t\t\t\t\t\t\t\t\t\t\t<\/a>\n\t\t\t\t\t\t\t\t\t<\/li>\n\t\t\t\t\t\t\t\t<li class=\"elementor-icon-list-item\">\n\t\t\t\t\t\t\t\t\t\t\t<a href=\"https:\/\/www.madrid-ias.eu\/fellows\/current-fellows\/details\/silvia-gonzalez-soutelo-1\/\">\n\n\t\t\t\t\t\t\t\t\t\t\t\t<span class=\"elementor-icon-list-icon\">\n\t\t\t\t\t\t\t<i aria-hidden=\"true\" class=\"fas fa-home\"><\/i>\t\t\t\t\t\t<\/span>\n\t\t\t\t\t\t\t\t\t\t<span class=\"elementor-icon-list-text\">MIAS<\/span>\n\t\t\t\t\t\t\t\t\t\t\t<\/a>\n\t\t\t\t\t\t\t\t\t<\/li>\n\t\t\t\t\t\t\t\t<li class=\"elementor-icon-list-item\">\n\t\t\t\t\t\t\t\t\t\t\t<a href=\"https:\/\/www.uam.es\/FyL\/Presentaci\u00f3n-PA\/1242661691802.htm?\">\n\n\t\t\t\t\t\t\t\t\t\t\t\t<span class=\"elementor-icon-list-icon\">\n\t\t\t\t\t\t\t<i aria-hidden=\"true\" class=\"fas fa-university\"><\/i>\t\t\t\t\t\t<\/span>\n\t\t\t\t\t\t\t\t\t\t<span class=\"elementor-icon-list-text\">Dep. de Prehistoria y Arqueolog\u00eda UAM<\/span>\n\t\t\t\t\t\t\t\t\t\t\t<\/a>\n\t\t\t\t\t\t\t\t\t<\/li>\n\t\t\t\t\t\t\t\t<li class=\"elementor-icon-list-item\">\n\t\t\t\t\t\t\t\t\t\t\t<a href=\"https:\/\/www.rurallure.eu\">\n\n\t\t\t\t\t\t\t\t\t\t\t\t<span class=\"elementor-icon-list-icon\">\n\t\t\t\t\t\t\t<i aria-hidden=\"true\" class=\"fas fa-globe-europe\"><\/i>\t\t\t\t\t\t<\/span>\n\t\t\t\t\t\t\t\t\t\t<span class=\"elementor-icon-list-text\">EU Project rurALLURE<\/span>\n\t\t\t\t\t\t\t\t\t\t\t<\/a>\n\t\t\t\t\t\t\t\t\t<\/li>\n\t\t\t\t\t\t<\/ul>\n\t\t\t\t<\/div>\n\t\t\t\t<\/div>\n\t\t\t\t\t<\/div>\n\t\t<\/div>\n\t\t\t\t\t<\/div>\n\t\t<\/section>\n\t\t\t\t\t<\/div>\n\t\t<\/div>\n\t\t\t\t\t<\/div>\n\t\t<\/section>\n\t\t\t\t<\/div>","protected":false},"excerpt":{"rendered":"<p>UAM\/MIAS Project In the study of bath buildings in Antiquity, a significant gap is detected in the detailed knowledge of the establishments in which mineral-medicinal water springs were captured and<\/p>","protected":false},"author":25,"featured_media":578,"parent":0,"menu_order":0,"comment_status":"closed","ping_status":"closed","template":"","meta":{"footnotes":""},"class_list":["post-357","page","type-page","status-publish","has-post-thumbnail","hentry"],"_links":{"self":[{"href":"https:\/\/healingspasinantiquity.es\/es\/wp-json\/wp\/v2\/pages\/357","targetHints":{"allow":["GET"]}}],"collection":[{"href":"https:\/\/healingspasinantiquity.es\/es\/wp-json\/wp\/v2\/pages"}],"about":[{"href":"https:\/\/healingspasinantiquity.es\/es\/wp-json\/wp\/v2\/types\/page"}],"author":[{"embeddable":true,"href":"https:\/\/healingspasinantiquity.es\/es\/wp-json\/wp\/v2\/users\/25"}],"replies":[{"embeddable":true,"href":"https:\/\/healingspasinantiquity.es\/es\/wp-json\/wp\/v2\/comments?post=357"}],"version-history":[{"count":133,"href":"https:\/\/healingspasinantiquity.es\/es\/wp-json\/wp\/v2\/pages\/357\/revisions"}],"predecessor-version":[{"id":4457,"href":"https:\/\/healingspasinantiquity.es\/es\/wp-json\/wp\/v2\/pages\/357\/revisions\/4457"}],"wp:featuredmedia":[{"embeddable":true,"href":"https:\/\/healingspasinantiquity.es\/es\/wp-json\/wp\/v2\/media\/578"}],"wp:attachment":[{"href":"https:\/\/healingspasinantiquity.es\/es\/wp-json\/wp\/v2\/media?parent=357"}],"curies":[{"name":"wp","href":"https:\/\/api.w.org\/{rel}","templated":true}]}}